{"id":10888,"date":"2025-07-17T09:33:07","date_gmt":"2025-07-17T07:33:07","guid":{"rendered":"https:\/\/villasantachiarasiena.com\/?page_id=10888"},"modified":"2025-07-21T14:01:22","modified_gmt":"2025-07-21T12:01:22","slug":"cene-esclusive-con-chef-jake-taylor","status":"publish","type":"page","link":"https:\/\/villasantachiarasiena.com\/it\/cene-esclusive-con-chef-jake-taylor\/","title":{"rendered":"Cene esclusive con Chef Jake Taylor"},"content":{"rendered":"\t\t<div data-elementor-type=\"wp-page\" data-elementor-id=\"10888\" class=\"elementor elementor-10888 elementor-10713\" data-elementor-post-type=\"page\">\n\t\t\t\t\t\t<section class=\"elementor-section elementor-top-section elementor-element elementor-element-8671d4d elementor-section-boxed elementor-section-height-default elementor-section-height-default\" data-id=\"8671d4d\" data-element_type=\"section\" data-e-type=\"section\" data-settings=\"{&quot;background_background&quot;:&quot;classic&quot;}\">\n\t\t\t\t\t\t\t<div class=\"elementor-background-overlay\"><\/div>\n\t\t\t\t\t\t\t<div class=\"elementor-container elementor-column-gap-default\">\n\t\t\t\t\t<div class=\"elementor-column elementor-col-100 elementor-top-column elementor-element elementor-element-6e79876\" data-id=\"6e79876\" data-element_type=\"column\" data-e-type=\"column\">\n\t\t\t<div class=\"elementor-widget-wrap elementor-element-populated\">\n\t\t\t\t\t\t<div class=\"elementor-element elementor-element-8913dec elementor-widget elementor-widget-heading\" data-id=\"8913dec\" data-element_type=\"widget\" data-e-type=\"widget\" data-widget_type=\"heading.default\">\n\t\t\t\t<div class=\"elementor-widget-container\">\n\t\t\t\t\t<h2 class=\"elementor-heading-title elementor-size-default\">Cene esclusive con Chef Jake Taylor<\/h2>\t\t\t\t<\/div>\n\t\t\t\t<\/div>\n\t\t\t\t\t<\/div>\n\t\t<\/div>\n\t\t\t\t\t<\/div>\n\t\t<\/section>\n\t\t\t\t<section class=\"elementor-section elementor-top-section elementor-element elementor-element-2de4732 elementor-section-boxed elementor-section-height-default elementor-section-height-default\" data-id=\"2de4732\" data-element_type=\"section\" data-e-type=\"section\">\n\t\t\t\t\t\t<div class=\"elementor-container elementor-column-gap-default\">\n\t\t\t\t\t<div class=\"elementor-column elementor-col-66 elementor-top-column elementor-element elementor-element-ee81485\" data-id=\"ee81485\" data-element_type=\"column\" data-e-type=\"column\">\n\t\t\t<div class=\"elementor-widget-wrap elementor-element-populated\">\n\t\t\t\t\t\t<div class=\"elementor-element elementor-element-922d22a elementor-widget elementor-widget-text-editor\" data-id=\"922d22a\" data-element_type=\"widget\" data-e-type=\"widget\" data-widget_type=\"text-editor.default\">\n\t\t\t\t<div class=\"elementor-widget-container\">\n\t\t\t\t\t\t\t\t\t<p><span style=\"font-weight: 300;\">Vivi una serata esclusiva nella nostra villa, dove la tradizione toscana si fonde con la creativit\u00e0 del giovane e talentuoso Chef londinese, Jake Taylor.<\/span><\/p>\n<p><span style=\"font-weight: 300;\">Affascinato dalla cucina senese, Jake rivisita con passione e innovazione i piatti tipici, utilizzando solo ingredienti freschi e locali. I men\u00f9 sono proposte raffinate, personalizzabili in base ai tuoi gusti, allergie o restrizioni alimentari. Jake \u00e8 disponibile da luglio a met\u00e0 agosto, ogni cena \u00e8 un\u2019esperienza unica da non perdere. Regalati un viaggio nel gusto in un\u2019atmosfera elegante e indimenticabile!<\/span><span style=\"font-weight: 300;\"><br><\/span><\/p>\t\t\t\t\t\t\t\t<\/div>\n\t\t\t\t<\/div>\n\t\t\t\t<div class=\"elementor-element elementor-element-656efc3 elementor-widget-divider--view-line elementor-widget elementor-widget-divider\" data-id=\"656efc3\" data-element_type=\"widget\" data-e-type=\"widget\" data-widget_type=\"divider.default\">\n\t\t\t\t<div class=\"elementor-widget-container\">\n\t\t\t\t\t\t\t<div class=\"elementor-divider\">\n\t\t\t<span class=\"elementor-divider-separator\">\n\t\t\t\t\t\t<\/span>\n\t\t<\/div>\n\t\t\t\t\t\t<\/div>\n\t\t\t\t<\/div>\n\t\t\t\t<div class=\"elementor-element elementor-element-e31fa02 elementor-icon-list--layout-traditional elementor-list-item-link-full_width elementor-widget elementor-widget-icon-list\" data-id=\"e31fa02\" data-element_type=\"widget\" data-e-type=\"widget\" data-widget_type=\"icon-list.default\">\n\t\t\t\t<div class=\"elementor-widget-container\">\n\t\t\t\t\t\t\t<ul class=\"elementor-icon-list-items\">\n\t\t\t\t\t\t\t<li class=\"elementor-icon-list-item\">\n\t\t\t\t\t\t\t\t\t\t<span class=\"elementor-icon-list-text\">Per saperne di pi\u00f9 e per prenotare la vostra cena esclusiva con Chef Jake:<\/span>\n\t\t\t\t\t\t\t\t\t<\/li>\n\t\t\t\t\t\t\t\t<li class=\"elementor-icon-list-item\">\n\t\t\t\t\t\t\t\t\t\t\t<span class=\"elementor-icon-list-icon\">\n\t\t\t\t\t\t\t<i aria-hidden=\"true\" class=\"fab fa-whatsapp\"><\/i>\t\t\t\t\t\t<\/span>\n\t\t\t\t\t\t\t\t\t\t<span class=\"elementor-icon-list-text\">WhatsApp: +39 335 763 59 39<\/span>\n\t\t\t\t\t\t\t\t\t<\/li>\n\t\t\t\t\t\t\t\t<li class=\"elementor-icon-list-item\">\n\t\t\t\t\t\t\t\t\t\t\t<span class=\"elementor-icon-list-icon\">\n\t\t\t\t\t\t\t<i aria-hidden=\"true\" class=\"far fa-envelope\"><\/i>\t\t\t\t\t\t<\/span>\n\t\t\t\t\t\t\t\t\t\t<span class=\"elementor-icon-list-text\">Email: cheftaylorj92@gmail.com<\/span>\n\t\t\t\t\t\t\t\t\t<\/li>\n\t\t\t\t\t\t<\/ul>\n\t\t\t\t\t\t<\/div>\n\t\t\t\t<\/div>\n\t\t\t\t\t<\/div>\n\t\t<\/div>\n\t\t\t\t<div class=\"elementor-column elementor-col-33 elementor-top-column elementor-element elementor-element-15da7c9\" data-id=\"15da7c9\" data-element_type=\"column\" data-e-type=\"column\">\n\t\t\t<div class=\"elementor-widget-wrap elementor-element-populated\">\n\t\t\t\t\t\t<div class=\"elementor-element elementor-element-463a1fd elementor-widget elementor-widget-heading\" data-id=\"463a1fd\" data-element_type=\"widget\" data-e-type=\"widget\" data-widget_type=\"heading.default\">\n\t\t\t\t<div class=\"elementor-widget-container\">\n\t\t\t\t\t<h2 class=\"elementor-heading-title elementor-size-default\">Altre esperienze<\/h2>\t\t\t\t<\/div>\n\t\t\t\t<\/div>\n\t\t\t\t<div class=\"elementor-element elementor-element-d91f681 elementor-nav-menu--dropdown-none elementor-widget elementor-widget-nav-menu\" data-id=\"d91f681\" data-element_type=\"widget\" data-e-type=\"widget\" data-settings=\"{&quot;layout&quot;:&quot;vertical&quot;,&quot;submenu_icon&quot;:{&quot;value&quot;:&quot;&lt;i class=\\&quot;fas fa-caret-down\\&quot; aria-hidden=\\&quot;true\\&quot;&gt;&lt;\\\/i&gt;&quot;,&quot;library&quot;:&quot;fa-solid&quot;}}\" data-widget_type=\"nav-menu.default\">\n\t\t\t\t<div class=\"elementor-widget-container\">\n\t\t\t\t\t\t\t\t<nav aria-label=\"Menu\" class=\"elementor-nav-menu--main elementor-nav-menu__container elementor-nav-menu--layout-vertical e--pointer-underline e--animation-fade\">\n\t\t\t\t<ul id=\"menu-1-d91f681\" class=\"elementor-nav-menu sm-vertical\"><li class=\"menu-item menu-item-type-post_type menu-item-object-page menu-item-10959\"><a href=\"https:\/\/villasantachiarasiena.com\/it\/scoprite-i-tesori-di-siena-con-claudia\/\" class=\"elementor-item\">Scopri Siena con Claudia<\/a><\/li>\n<li class=\"menu-item menu-item-type-post_type menu-item-object-page menu-item-10957\"><a href=\"https:\/\/villasantachiarasiena.com\/it\/cene-alla-villa\/\" class=\"elementor-item\">Cene alla Villa<\/a><\/li>\n<li class=\"menu-item menu-item-type-post_type menu-item-object-page menu-item-10960\"><a href=\"https:\/\/villasantachiarasiena.com\/it\/cene-esclusive-con-chef-jake-taylor\/\" class=\"elementor-item\">Cene esclusive con Chef Jake Taylor<\/a><\/li>\n<li class=\"menu-item menu-item-type-post_type menu-item-object-page menu-item-10955\"><a href=\"https:\/\/villasantachiarasiena.com\/it\/lezioni-di-cucina-alla-villa\/\" class=\"elementor-item\">Lezioni di cucina<\/a><\/li>\n<li class=\"menu-item menu-item-type-post_type menu-item-object-page menu-item-10964\"><a href=\"https:\/\/villasantachiarasiena.com\/it\/degustazioni-di-vino\/\" class=\"elementor-item\">Degustazioni di vino<\/a><\/li>\n<li class=\"menu-item menu-item-type-post_type menu-item-object-page menu-item-10954\"><a href=\"https:\/\/villasantachiarasiena.com\/it\/scopri-siena-su-due-ruote\/\" class=\"elementor-item\">Scopri Siena su due ruote<\/a><\/li>\n<li class=\"menu-item menu-item-type-post_type menu-item-object-page menu-item-10962\"><a href=\"https:\/\/villasantachiarasiena.com\/it\/siena-a-cavallo\/\" class=\"elementor-item\">Siena a Cavallo<\/a><\/li>\n<li class=\"menu-item menu-item-type-post_type menu-item-object-page menu-item-10963\"><a href=\"https:\/\/villasantachiarasiena.com\/it\/siena-truffle-hunt\/\" class=\"elementor-item\">Siena Truffle Hunt<\/a><\/li>\n<li class=\"menu-item menu-item-type-post_type menu-item-object-page menu-item-10961\"><a href=\"https:\/\/villasantachiarasiena.com\/it\/scoprite-il-parco-sculture-del-chianti\/\" class=\"elementor-item\">Scoprite il Parco Sculture del Chianti<\/a><\/li>\n<li class=\"menu-item menu-item-type-post_type menu-item-object-page menu-item-10956\"><a href=\"https:\/\/villasantachiarasiena.com\/it\/imparate-a-fare-cappelli-italiani\/\" class=\"elementor-item\">Imparate a fare cappelli italiani<\/a><\/li>\n<li class=\"menu-item menu-item-type-post_type menu-item-object-page menu-item-10958\"><a href=\"https:\/\/villasantachiarasiena.com\/it\/scopri-larte-di-dipingere-la-grande-bellezza-workshop-di-pittura-a-siena\/\" class=\"elementor-item\">Lezioni di pittura<\/a><\/li>\n<\/ul>\t\t\t<\/nav>\n\t\t\t\t\t\t<nav class=\"elementor-nav-menu--dropdown elementor-nav-menu__container\" aria-hidden=\"true\">\n\t\t\t\t<ul id=\"menu-2-d91f681\" class=\"elementor-nav-menu sm-vertical\"><li class=\"menu-item menu-item-type-post_type menu-item-object-page menu-item-10959\"><a href=\"https:\/\/villasantachiarasiena.com\/it\/scoprite-i-tesori-di-siena-con-claudia\/\" class=\"elementor-item\" tabindex=\"-1\">Scopri Siena con Claudia<\/a><\/li>\n<li class=\"menu-item menu-item-type-post_type menu-item-object-page menu-item-10957\"><a href=\"https:\/\/villasantachiarasiena.com\/it\/cene-alla-villa\/\" class=\"elementor-item\" tabindex=\"-1\">Cene alla Villa<\/a><\/li>\n<li class=\"menu-item menu-item-type-post_type menu-item-object-page menu-item-10960\"><a href=\"https:\/\/villasantachiarasiena.com\/it\/cene-esclusive-con-chef-jake-taylor\/\" class=\"elementor-item\" tabindex=\"-1\">Cene esclusive con Chef Jake Taylor<\/a><\/li>\n<li class=\"menu-item menu-item-type-post_type menu-item-object-page menu-item-10955\"><a href=\"https:\/\/villasantachiarasiena.com\/it\/lezioni-di-cucina-alla-villa\/\" class=\"elementor-item\" tabindex=\"-1\">Lezioni di cucina<\/a><\/li>\n<li class=\"menu-item menu-item-type-post_type menu-item-object-page menu-item-10964\"><a href=\"https:\/\/villasantachiarasiena.com\/it\/degustazioni-di-vino\/\" class=\"elementor-item\" tabindex=\"-1\">Degustazioni di vino<\/a><\/li>\n<li class=\"menu-item menu-item-type-post_type menu-item-object-page menu-item-10954\"><a href=\"https:\/\/villasantachiarasiena.com\/it\/scopri-siena-su-due-ruote\/\" class=\"elementor-item\" tabindex=\"-1\">Scopri Siena su due ruote<\/a><\/li>\n<li class=\"menu-item menu-item-type-post_type menu-item-object-page menu-item-10962\"><a href=\"https:\/\/villasantachiarasiena.com\/it\/siena-a-cavallo\/\" class=\"elementor-item\" tabindex=\"-1\">Siena a Cavallo<\/a><\/li>\n<li class=\"menu-item menu-item-type-post_type menu-item-object-page menu-item-10963\"><a href=\"https:\/\/villasantachiarasiena.com\/it\/siena-truffle-hunt\/\" class=\"elementor-item\" tabindex=\"-1\">Siena Truffle Hunt<\/a><\/li>\n<li class=\"menu-item menu-item-type-post_type menu-item-object-page menu-item-10961\"><a href=\"https:\/\/villasantachiarasiena.com\/it\/scoprite-il-parco-sculture-del-chianti\/\" class=\"elementor-item\" tabindex=\"-1\">Scoprite il Parco Sculture del Chianti<\/a><\/li>\n<li class=\"menu-item menu-item-type-post_type menu-item-object-page menu-item-10956\"><a href=\"https:\/\/villasantachiarasiena.com\/it\/imparate-a-fare-cappelli-italiani\/\" class=\"elementor-item\" tabindex=\"-1\">Imparate a fare cappelli italiani<\/a><\/li>\n<li class=\"menu-item menu-item-type-post_type menu-item-object-page menu-item-10958\"><a href=\"https:\/\/villasantachiarasiena.com\/it\/scopri-larte-di-dipingere-la-grande-bellezza-workshop-di-pittura-a-siena\/\" class=\"elementor-item\" tabindex=\"-1\">Lezioni di pittura<\/a><\/li>\n<\/ul>\t\t\t<\/nav>\n\t\t\t\t\t\t<\/div>\n\t\t\t\t<\/div>\n\t\t\t\t\t<\/div>\n\t\t<\/div>\n\t\t\t\t\t<\/div>\n\t\t<\/section>\n\t\t\t\t<\/div>\n\t\t","protected":false},"excerpt":{"rendered":"<p>Cene esclusive con Chef Jake Taylor Vivi una serata esclusiva nella nostra villa, dove la tradizione toscana si fonde con la creativit\u00e0 del giovane e talentuoso Chef londinese, Jake Taylor. Affascinato dalla cucina senese, Jake rivisita con passione e innovazione i piatti tipici, utilizzando solo ingredienti freschi e locali. I men\u00f9 sono proposte raffinate, personalizzabili [&hellip;]<\/p>\n","protected":false},"author":2,"featured_media":0,"parent":0,"menu_order":0,"comment_status":"closed","ping_status":"closed","template":"elementor_header_footer","meta":{"footnotes":""},"class_list":["post-10888","page","type-page","status-publish","hentry","entry"],"yoast_head":"<!-- This site is optimized with the Yoast SEO plugin v26.8 - https:\/\/yoast.com\/product\/yoast-seo-wordpress\/ -->\n<title>Cene esclusive con Chef Jake Taylor - Casa vacanze a Siena - Villa Santa Chiara<\/title>\n<meta name=\"robots\" content=\"index, follow, max-snippet:-1, max-image-preview:large, max-video-preview:-1\" \/>\n<link rel=\"canonical\" href=\"https:\/\/villasantachiarasiena.com\/exclusive-dinners-with-chef-jake-taylor\/\" \/>\n<meta property=\"og:locale\" content=\"it_IT\" \/>\n<meta property=\"og:type\" content=\"article\" \/>\n<meta property=\"og:title\" content=\"Cene esclusive con Chef Jake Taylor - Casa vacanze a Siena - Villa Santa Chiara\" \/>\n<meta property=\"og:description\" content=\"Cene esclusive con Chef Jake Taylor Vivi una serata esclusiva nella nostra villa, dove la tradizione toscana si fonde con la creativit\u00e0 del giovane e talentuoso Chef londinese, Jake Taylor. Affascinato dalla cucina senese, Jake rivisita con passione e innovazione i piatti tipici, utilizzando solo ingredienti freschi e locali. I men\u00f9 sono proposte raffinate, personalizzabili [&hellip;]\" \/>\n<meta property=\"og:url\" content=\"https:\/\/villasantachiarasiena.com\/exclusive-dinners-with-chef-jake-taylor\/\" \/>\n<meta property=\"og:site_name\" content=\"Casa vacanze a Siena - Villa Santa Chiara\" \/>\n<meta property=\"article:modified_time\" content=\"2025-07-21T12:01:22+00:00\" \/>\n<meta name=\"twitter:card\" content=\"summary_large_image\" \/>\n<meta name=\"twitter:label1\" content=\"Tempo di lettura stimato\" \/>\n\t<meta name=\"twitter:data1\" content=\"2 minuti\" \/>\n<script type=\"application\/ld+json\" class=\"yoast-schema-graph\">{\"@context\":\"https:\/\/schema.org\",\"@graph\":[{\"@type\":\"WebPage\",\"@id\":\"https:\/\/villasantachiarasiena.com\/exclusive-dinners-with-chef-jake-taylor\/\",\"url\":\"https:\/\/villasantachiarasiena.com\/exclusive-dinners-with-chef-jake-taylor\/\",\"name\":\"Cene esclusive con Chef Jake Taylor - Casa vacanze a Siena - Villa Santa Chiara\",\"isPartOf\":{\"@id\":\"https:\/\/villasantachiarasiena.com\/#website\"},\"datePublished\":\"2025-07-17T07:33:07+00:00\",\"dateModified\":\"2025-07-21T12:01:22+00:00\",\"breadcrumb\":{\"@id\":\"https:\/\/villasantachiarasiena.com\/exclusive-dinners-with-chef-jake-taylor\/#breadcrumb\"},\"inLanguage\":\"it-IT\",\"potentialAction\":[{\"@type\":\"ReadAction\",\"target\":[\"https:\/\/villasantachiarasiena.com\/exclusive-dinners-with-chef-jake-taylor\/\"]}]},{\"@type\":\"BreadcrumbList\",\"@id\":\"https:\/\/villasantachiarasiena.com\/exclusive-dinners-with-chef-jake-taylor\/#breadcrumb\",\"itemListElement\":[{\"@type\":\"ListItem\",\"position\":1,\"name\":\"Home\",\"item\":\"https:\/\/villasantachiarasiena.com\/\"},{\"@type\":\"ListItem\",\"position\":2,\"name\":\"Cene esclusive con Chef Jake Taylor\"}]},{\"@type\":\"WebSite\",\"@id\":\"https:\/\/villasantachiarasiena.com\/#website\",\"url\":\"https:\/\/villasantachiarasiena.com\/\",\"name\":\"Casa vacanze a Siena - Villa Santa Chiara\",\"description\":\"Villa di Charme in Toscana\",\"publisher\":{\"@id\":\"https:\/\/villasantachiarasiena.com\/#organization\"},\"potentialAction\":[{\"@type\":\"SearchAction\",\"target\":{\"@type\":\"EntryPoint\",\"urlTemplate\":\"https:\/\/villasantachiarasiena.com\/?s={search_term_string}\"},\"query-input\":{\"@type\":\"PropertyValueSpecification\",\"valueRequired\":true,\"valueName\":\"search_term_string\"}}],\"inLanguage\":\"it-IT\"},{\"@type\":\"Organization\",\"@id\":\"https:\/\/villasantachiarasiena.com\/#organization\",\"name\":\"Villa Santa Chiara\",\"url\":\"https:\/\/villasantachiarasiena.com\/\",\"logo\":{\"@type\":\"ImageObject\",\"inLanguage\":\"it-IT\",\"@id\":\"https:\/\/villasantachiarasiena.com\/#\/schema\/logo\/image\/\",\"url\":\"https:\/\/villasantachiarasiena.com\/wp-content\/uploads\/2019\/02\/holiday-apartments-villa-santa-chiara-siena.png\",\"contentUrl\":\"https:\/\/villasantachiarasiena.com\/wp-content\/uploads\/2019\/02\/holiday-apartments-villa-santa-chiara-siena.png\",\"width\":323,\"height\":275,\"caption\":\"Villa Santa Chiara\"},\"image\":{\"@id\":\"https:\/\/villasantachiarasiena.com\/#\/schema\/logo\/image\/\"}}]}<\/script>\n<!-- \/ Yoast SEO plugin. -->","yoast_head_json":{"title":"Cene esclusive con Chef Jake Taylor - Casa vacanze a Siena - Villa Santa Chiara","robots":{"index":"index","follow":"follow","max-snippet":"max-snippet:-1","max-image-preview":"max-image-preview:large","max-video-preview":"max-video-preview:-1"},"canonical":"https:\/\/villasantachiarasiena.com\/exclusive-dinners-with-chef-jake-taylor\/","og_locale":"it_IT","og_type":"article","og_title":"Cene esclusive con Chef Jake Taylor - Casa vacanze a Siena - Villa Santa Chiara","og_description":"Cene esclusive con Chef Jake Taylor Vivi una serata esclusiva nella nostra villa, dove la tradizione toscana si fonde con la creativit\u00e0 del giovane e talentuoso Chef londinese, Jake Taylor. Affascinato dalla cucina senese, Jake rivisita con passione e innovazione i piatti tipici, utilizzando solo ingredienti freschi e locali. I men\u00f9 sono proposte raffinate, personalizzabili [&hellip;]","og_url":"https:\/\/villasantachiarasiena.com\/exclusive-dinners-with-chef-jake-taylor\/","og_site_name":"Casa vacanze a Siena - Villa Santa Chiara","article_modified_time":"2025-07-21T12:01:22+00:00","twitter_card":"summary_large_image","twitter_misc":{"Tempo di lettura stimato":"2 minuti"},"schema":{"@context":"https:\/\/schema.org","@graph":[{"@type":"WebPage","@id":"https:\/\/villasantachiarasiena.com\/exclusive-dinners-with-chef-jake-taylor\/","url":"https:\/\/villasantachiarasiena.com\/exclusive-dinners-with-chef-jake-taylor\/","name":"Cene esclusive con Chef Jake Taylor - Casa vacanze a Siena - Villa Santa Chiara","isPartOf":{"@id":"https:\/\/villasantachiarasiena.com\/#website"},"datePublished":"2025-07-17T07:33:07+00:00","dateModified":"2025-07-21T12:01:22+00:00","breadcrumb":{"@id":"https:\/\/villasantachiarasiena.com\/exclusive-dinners-with-chef-jake-taylor\/#breadcrumb"},"inLanguage":"it-IT","potentialAction":[{"@type":"ReadAction","target":["https:\/\/villasantachiarasiena.com\/exclusive-dinners-with-chef-jake-taylor\/"]}]},{"@type":"BreadcrumbList","@id":"https:\/\/villasantachiarasiena.com\/exclusive-dinners-with-chef-jake-taylor\/#breadcrumb","itemListElement":[{"@type":"ListItem","position":1,"name":"Home","item":"https:\/\/villasantachiarasiena.com\/"},{"@type":"ListItem","position":2,"name":"Cene esclusive con Chef Jake Taylor"}]},{"@type":"WebSite","@id":"https:\/\/villasantachiarasiena.com\/#website","url":"https:\/\/villasantachiarasiena.com\/","name":"Casa vacanze a Siena - Villa Santa Chiara","description":"Villa di Charme in Toscana","publisher":{"@id":"https:\/\/villasantachiarasiena.com\/#organization"},"potentialAction":[{"@type":"SearchAction","target":{"@type":"EntryPoint","urlTemplate":"https:\/\/villasantachiarasiena.com\/?s={search_term_string}"},"query-input":{"@type":"PropertyValueSpecification","valueRequired":true,"valueName":"search_term_string"}}],"inLanguage":"it-IT"},{"@type":"Organization","@id":"https:\/\/villasantachiarasiena.com\/#organization","name":"Villa Santa Chiara","url":"https:\/\/villasantachiarasiena.com\/","logo":{"@type":"ImageObject","inLanguage":"it-IT","@id":"https:\/\/villasantachiarasiena.com\/#\/schema\/logo\/image\/","url":"https:\/\/villasantachiarasiena.com\/wp-content\/uploads\/2019\/02\/holiday-apartments-villa-santa-chiara-siena.png","contentUrl":"https:\/\/villasantachiarasiena.com\/wp-content\/uploads\/2019\/02\/holiday-apartments-villa-santa-chiara-siena.png","width":323,"height":275,"caption":"Villa Santa Chiara"},"image":{"@id":"https:\/\/villasantachiarasiena.com\/#\/schema\/logo\/image\/"}}]}},"_links":{"self":[{"href":"https:\/\/villasantachiarasiena.com\/it\/wp-json\/wp\/v2\/pages\/10888","targetHints":{"allow":["GET"]}}],"collection":[{"href":"https:\/\/villasantachiarasiena.com\/it\/wp-json\/wp\/v2\/pages"}],"about":[{"href":"https:\/\/villasantachiarasiena.com\/it\/wp-json\/wp\/v2\/types\/page"}],"author":[{"embeddable":true,"href":"https:\/\/villasantachiarasiena.com\/it\/wp-json\/wp\/v2\/users\/2"}],"replies":[{"embeddable":true,"href":"https:\/\/villasantachiarasiena.com\/it\/wp-json\/wp\/v2\/comments?post=10888"}],"version-history":[{"count":10,"href":"https:\/\/villasantachiarasiena.com\/it\/wp-json\/wp\/v2\/pages\/10888\/revisions"}],"predecessor-version":[{"id":11024,"href":"https:\/\/villasantachiarasiena.com\/it\/wp-json\/wp\/v2\/pages\/10888\/revisions\/11024"}],"wp:attachment":[{"href":"https:\/\/villasantachiarasiena.com\/it\/wp-json\/wp\/v2\/media?parent=10888"}],"curies":[{"name":"wp","href":"https:\/\/api.w.org\/{rel}","templated":true}]}}