{"id":10896,"date":"2025-07-17T09:34:25","date_gmt":"2025-07-17T07:34:25","guid":{"rendered":"https:\/\/villasantachiarasiena.com\/?page_id=10896"},"modified":"2025-07-17T09:35:33","modified_gmt":"2025-07-17T07:35:33","slug":"scoprite-i-tesori-di-siena-con-claudia","status":"publish","type":"page","link":"https:\/\/villasantachiarasiena.com\/it\/scoprite-i-tesori-di-siena-con-claudia\/","title":{"rendered":"Scoprite i tesori di Siena con Claudia"},"content":{"rendered":"\t\t<div data-elementor-type=\"wp-page\" data-elementor-id=\"10896\" class=\"elementor elementor-10896 elementor-10695\" data-elementor-post-type=\"page\">\n\t\t\t\t\t\t<section class=\"elementor-section elementor-top-section elementor-element elementor-element-1088690 elementor-section-boxed elementor-section-height-default elementor-section-height-default\" data-id=\"1088690\" data-element_type=\"section\" data-e-type=\"section\" data-settings=\"{&quot;background_background&quot;:&quot;classic&quot;}\">\n\t\t\t\t\t\t\t<div class=\"elementor-background-overlay\"><\/div>\n\t\t\t\t\t\t\t<div class=\"elementor-container elementor-column-gap-default\">\n\t\t\t\t\t<div class=\"elementor-column elementor-col-100 elementor-top-column elementor-element elementor-element-a43e00e\" data-id=\"a43e00e\" data-element_type=\"column\" data-e-type=\"column\">\n\t\t\t<div class=\"elementor-widget-wrap elementor-element-populated\">\n\t\t\t\t\t\t<div class=\"elementor-element elementor-element-01ba356 elementor-widget elementor-widget-heading\" data-id=\"01ba356\" data-element_type=\"widget\" data-e-type=\"widget\" data-widget_type=\"heading.default\">\n\t\t\t\t<div class=\"elementor-widget-container\">\n\t\t\t\t\t<h2 class=\"elementor-heading-title elementor-size-default\">Scoprite i tesori di Siena con Claudia<\/h2>\t\t\t\t<\/div>\n\t\t\t\t<\/div>\n\t\t\t\t\t<\/div>\n\t\t<\/div>\n\t\t\t\t\t<\/div>\n\t\t<\/section>\n\t\t\t\t<section class=\"elementor-section elementor-top-section elementor-element elementor-element-a5a4e5c elementor-section-boxed elementor-section-height-default elementor-section-height-default\" data-id=\"a5a4e5c\" data-element_type=\"section\" data-e-type=\"section\">\n\t\t\t\t\t\t<div class=\"elementor-container elementor-column-gap-default\">\n\t\t\t\t\t<div class=\"elementor-column elementor-col-66 elementor-top-column elementor-element elementor-element-31fb5d3\" data-id=\"31fb5d3\" data-element_type=\"column\" data-e-type=\"column\">\n\t\t\t<div class=\"elementor-widget-wrap elementor-element-populated\">\n\t\t\t\t\t\t<div class=\"elementor-element elementor-element-0ac0d2b elementor-widget elementor-widget-text-editor\" data-id=\"0ac0d2b\" data-element_type=\"widget\" data-e-type=\"widget\" data-widget_type=\"text-editor.default\">\n\t\t\t\t<div class=\"elementor-widget-container\">\n\t\t\t\t\t\t\t\t\t<p><span style=\"font-weight: 300;\">Siena e le sue terre sono un vero e proprio scrigno inesauribile di immensi tesori artistici: dal Duomo, che si erge come un grande libro della millenaria cultura religiosa occidentale, alla rappresentazione della cultura politica medievale e delle sue istituzioni negli affreschi dei Lorenzetti, che abbelliscono il Palazzo Pubblico, che domina la perfetta conchiglia di Piazza del Campo. <\/span><\/p><p><span style=\"font-weight: 300;\">Dalle ondulazioni lunari delle Crete alla foresta di torri di San Gimignano, fino all&#8217;utopia umanistica di Pienza, questo mondo affascinante attrae anche il turista pi\u00f9 frettoloso. Tuttavia, per coloro che desiderano penetrare i segreti di questa incantevole terra, \u00e8 consigliabile affidarsi a guide esperte. Claudia \u00e8 una guida turistica e ambientale ufficiale, con una laurea in Storia dell&#8217;Arte e, ci\u00f2 che pi\u00f9 conta, un amore incondizionato per la sua citt\u00e0. <\/span><\/p><p><span style=\"font-weight: 300;\">Se cercate indirizzi culinari poco conosciuti o i musei meno noti delle 17 contrade, Claudia \u00e8 la persona giusta per voi.<\/span><\/p>\t\t\t\t\t\t\t\t<\/div>\n\t\t\t\t<\/div>\n\t\t\t\t<div class=\"elementor-element elementor-element-071edc4 elementor-widget-divider--view-line elementor-widget elementor-widget-divider\" data-id=\"071edc4\" data-element_type=\"widget\" data-e-type=\"widget\" data-widget_type=\"divider.default\">\n\t\t\t\t<div class=\"elementor-widget-container\">\n\t\t\t\t\t\t\t<div class=\"elementor-divider\">\n\t\t\t<span class=\"elementor-divider-separator\">\n\t\t\t\t\t\t<\/span>\n\t\t<\/div>\n\t\t\t\t\t\t<\/div>\n\t\t\t\t<\/div>\n\t\t\t\t<div class=\"elementor-element elementor-element-31e5ef4 elementor-icon-list--layout-traditional elementor-list-item-link-full_width elementor-widget elementor-widget-icon-list\" data-id=\"31e5ef4\" data-element_type=\"widget\" data-e-type=\"widget\" data-widget_type=\"icon-list.default\">\n\t\t\t\t<div class=\"elementor-widget-container\">\n\t\t\t\t\t\t\t<ul class=\"elementor-icon-list-items\">\n\t\t\t\t\t\t\t<li class=\"elementor-icon-list-item\">\n\t\t\t\t\t\t\t\t\t\t\t<a href=\"https:\/\/www.claudiatuscanytours.com\/\" target=\"_blank\">\n\n\t\t\t\t\t\t\t\t\t\t\t\t<span class=\"elementor-icon-list-icon\">\n\t\t\t\t\t\t\t<i aria-hidden=\"true\" class=\"fas fa-globe\"><\/i>\t\t\t\t\t\t<\/span>\n\t\t\t\t\t\t\t\t\t\t<span class=\"elementor-icon-list-text\">Potete contattarla qui: www.claudiatuscanytours.com<\/span>\n\t\t\t\t\t\t\t\t\t\t\t<\/a>\n\t\t\t\t\t\t\t\t\t<\/li>\n\t\t\t\t\t\t<\/ul>\n\t\t\t\t\t\t<\/div>\n\t\t\t\t<\/div>\n\t\t\t\t<div class=\"elementor-element elementor-element-0cd919d elementor-align-left elementor-widget elementor-widget-button\" data-id=\"0cd919d\" data-element_type=\"widget\" data-e-type=\"widget\" data-widget_type=\"button.default\">\n\t\t\t\t<div class=\"elementor-widget-container\">\n\t\t\t\t\t\t\t\t\t<div class=\"elementor-button-wrapper\">\n\t\t\t\t\t<a class=\"elementor-button elementor-button-link elementor-size-sm\" href=\"https:\/\/www.claudiatuscanytours.com\/\" target=\"_blank\">\n\t\t\t\t\t\t<span class=\"elementor-button-content-wrapper\">\n\t\t\t\t\t\t\t\t\t<span class=\"elementor-button-text\">Visita il sito web<\/span>\n\t\t\t\t\t<\/span>\n\t\t\t\t\t<\/a>\n\t\t\t\t<\/div>\n\t\t\t\t\t\t\t\t<\/div>\n\t\t\t\t<\/div>\n\t\t\t\t\t<\/div>\n\t\t<\/div>\n\t\t\t\t<div class=\"elementor-column elementor-col-33 elementor-top-column elementor-element elementor-element-0421f3d\" data-id=\"0421f3d\" data-element_type=\"column\" data-e-type=\"column\">\n\t\t\t<div class=\"elementor-widget-wrap elementor-element-populated\">\n\t\t\t\t\t\t<div class=\"elementor-element elementor-element-b35c830 elementor-widget elementor-widget-heading\" data-id=\"b35c830\" data-element_type=\"widget\" data-e-type=\"widget\" data-widget_type=\"heading.default\">\n\t\t\t\t<div class=\"elementor-widget-container\">\n\t\t\t\t\t<h2 class=\"elementor-heading-title elementor-size-default\">Altre esperienze<\/h2>\t\t\t\t<\/div>\n\t\t\t\t<\/div>\n\t\t\t\t<div class=\"elementor-element elementor-element-4850ea3 elementor-nav-menu--dropdown-none elementor-widget elementor-widget-nav-menu\" data-id=\"4850ea3\" data-element_type=\"widget\" data-e-type=\"widget\" data-settings=\"{&quot;layout&quot;:&quot;vertical&quot;,&quot;submenu_icon&quot;:{&quot;value&quot;:&quot;&lt;i class=\\&quot;fas fa-caret-down\\&quot; aria-hidden=\\&quot;true\\&quot;&gt;&lt;\\\/i&gt;&quot;,&quot;library&quot;:&quot;fa-solid&quot;}}\" data-widget_type=\"nav-menu.default\">\n\t\t\t\t<div class=\"elementor-widget-container\">\n\t\t\t\t\t\t\t\t<nav aria-label=\"Menu\" class=\"elementor-nav-menu--main elementor-nav-menu__container elementor-nav-menu--layout-vertical e--pointer-underline e--animation-fade\">\n\t\t\t\t<ul id=\"menu-1-4850ea3\" class=\"elementor-nav-menu sm-vertical\"><li class=\"menu-item menu-item-type-post_type menu-item-object-page menu-item-10959\"><a href=\"https:\/\/villasantachiarasiena.com\/it\/scoprite-i-tesori-di-siena-con-claudia\/\" class=\"elementor-item\">Scopri Siena con Claudia<\/a><\/li>\n<li class=\"menu-item menu-item-type-post_type menu-item-object-page menu-item-10957\"><a href=\"https:\/\/villasantachiarasiena.com\/it\/cene-alla-villa\/\" class=\"elementor-item\">Cene alla Villa<\/a><\/li>\n<li class=\"menu-item menu-item-type-post_type menu-item-object-page menu-item-10960\"><a href=\"https:\/\/villasantachiarasiena.com\/it\/cene-esclusive-con-chef-jake-taylor\/\" class=\"elementor-item\">Cene esclusive con Chef Jake Taylor<\/a><\/li>\n<li class=\"menu-item menu-item-type-post_type menu-item-object-page menu-item-10955\"><a href=\"https:\/\/villasantachiarasiena.com\/it\/lezioni-di-cucina-alla-villa\/\" class=\"elementor-item\">Lezioni di cucina<\/a><\/li>\n<li class=\"menu-item menu-item-type-post_type menu-item-object-page menu-item-10964\"><a href=\"https:\/\/villasantachiarasiena.com\/it\/degustazioni-di-vino\/\" class=\"elementor-item\">Degustazioni di vino<\/a><\/li>\n<li class=\"menu-item menu-item-type-post_type menu-item-object-page menu-item-10954\"><a href=\"https:\/\/villasantachiarasiena.com\/it\/scopri-siena-su-due-ruote\/\" class=\"elementor-item\">Scopri Siena su due ruote<\/a><\/li>\n<li class=\"menu-item menu-item-type-post_type menu-item-object-page menu-item-10962\"><a href=\"https:\/\/villasantachiarasiena.com\/it\/siena-a-cavallo\/\" class=\"elementor-item\">Siena a Cavallo<\/a><\/li>\n<li class=\"menu-item menu-item-type-post_type menu-item-object-page menu-item-10963\"><a href=\"https:\/\/villasantachiarasiena.com\/it\/siena-truffle-hunt\/\" class=\"elementor-item\">Siena Truffle Hunt<\/a><\/li>\n<li class=\"menu-item menu-item-type-post_type menu-item-object-page menu-item-10961\"><a href=\"https:\/\/villasantachiarasiena.com\/it\/scoprite-il-parco-sculture-del-chianti\/\" class=\"elementor-item\">Scoprite il Parco Sculture del Chianti<\/a><\/li>\n<li class=\"menu-item menu-item-type-post_type menu-item-object-page menu-item-10956\"><a href=\"https:\/\/villasantachiarasiena.com\/it\/imparate-a-fare-cappelli-italiani\/\" class=\"elementor-item\">Imparate a fare cappelli italiani<\/a><\/li>\n<li class=\"menu-item menu-item-type-post_type menu-item-object-page menu-item-10958\"><a href=\"https:\/\/villasantachiarasiena.com\/it\/scopri-larte-di-dipingere-la-grande-bellezza-workshop-di-pittura-a-siena\/\" class=\"elementor-item\">Lezioni di pittura<\/a><\/li>\n<\/ul>\t\t\t<\/nav>\n\t\t\t\t\t\t<nav class=\"elementor-nav-menu--dropdown elementor-nav-menu__container\" aria-hidden=\"true\">\n\t\t\t\t<ul id=\"menu-2-4850ea3\" class=\"elementor-nav-menu sm-vertical\"><li class=\"menu-item menu-item-type-post_type menu-item-object-page menu-item-10959\"><a href=\"https:\/\/villasantachiarasiena.com\/it\/scoprite-i-tesori-di-siena-con-claudia\/\" class=\"elementor-item\" tabindex=\"-1\">Scopri Siena con Claudia<\/a><\/li>\n<li class=\"menu-item menu-item-type-post_type menu-item-object-page menu-item-10957\"><a href=\"https:\/\/villasantachiarasiena.com\/it\/cene-alla-villa\/\" class=\"elementor-item\" tabindex=\"-1\">Cene alla Villa<\/a><\/li>\n<li class=\"menu-item menu-item-type-post_type menu-item-object-page menu-item-10960\"><a href=\"https:\/\/villasantachiarasiena.com\/it\/cene-esclusive-con-chef-jake-taylor\/\" class=\"elementor-item\" tabindex=\"-1\">Cene esclusive con Chef Jake Taylor<\/a><\/li>\n<li class=\"menu-item menu-item-type-post_type menu-item-object-page menu-item-10955\"><a href=\"https:\/\/villasantachiarasiena.com\/it\/lezioni-di-cucina-alla-villa\/\" class=\"elementor-item\" tabindex=\"-1\">Lezioni di cucina<\/a><\/li>\n<li class=\"menu-item menu-item-type-post_type menu-item-object-page menu-item-10964\"><a href=\"https:\/\/villasantachiarasiena.com\/it\/degustazioni-di-vino\/\" class=\"elementor-item\" tabindex=\"-1\">Degustazioni di vino<\/a><\/li>\n<li class=\"menu-item menu-item-type-post_type menu-item-object-page menu-item-10954\"><a href=\"https:\/\/villasantachiarasiena.com\/it\/scopri-siena-su-due-ruote\/\" class=\"elementor-item\" tabindex=\"-1\">Scopri Siena su due ruote<\/a><\/li>\n<li class=\"menu-item menu-item-type-post_type menu-item-object-page menu-item-10962\"><a href=\"https:\/\/villasantachiarasiena.com\/it\/siena-a-cavallo\/\" class=\"elementor-item\" tabindex=\"-1\">Siena a Cavallo<\/a><\/li>\n<li class=\"menu-item menu-item-type-post_type menu-item-object-page menu-item-10963\"><a href=\"https:\/\/villasantachiarasiena.com\/it\/siena-truffle-hunt\/\" class=\"elementor-item\" tabindex=\"-1\">Siena Truffle Hunt<\/a><\/li>\n<li class=\"menu-item menu-item-type-post_type menu-item-object-page menu-item-10961\"><a href=\"https:\/\/villasantachiarasiena.com\/it\/scoprite-il-parco-sculture-del-chianti\/\" class=\"elementor-item\" tabindex=\"-1\">Scoprite il Parco Sculture del Chianti<\/a><\/li>\n<li class=\"menu-item menu-item-type-post_type menu-item-object-page menu-item-10956\"><a href=\"https:\/\/villasantachiarasiena.com\/it\/imparate-a-fare-cappelli-italiani\/\" class=\"elementor-item\" tabindex=\"-1\">Imparate a fare cappelli italiani<\/a><\/li>\n<li class=\"menu-item menu-item-type-post_type menu-item-object-page menu-item-10958\"><a href=\"https:\/\/villasantachiarasiena.com\/it\/scopri-larte-di-dipingere-la-grande-bellezza-workshop-di-pittura-a-siena\/\" class=\"elementor-item\" tabindex=\"-1\">Lezioni di pittura<\/a><\/li>\n<\/ul>\t\t\t<\/nav>\n\t\t\t\t\t\t<\/div>\n\t\t\t\t<\/div>\n\t\t\t\t\t<\/div>\n\t\t<\/div>\n\t\t\t\t\t<\/div>\n\t\t<\/section>\n\t\t\t\t<\/div>\n\t\t","protected":false},"excerpt":{"rendered":"<p>Scoprite i tesori di Siena con Claudia Siena e le sue terre sono un vero e proprio scrigno inesauribile di immensi tesori artistici: dal Duomo, che si erge come un grande libro della millenaria cultura religiosa occidentale, alla rappresentazione della cultura politica medievale e delle sue istituzioni negli affreschi dei Lorenzetti, che abbelliscono il Palazzo [&hellip;]<\/p>\n","protected":false},"author":2,"featured_media":0,"parent":0,"menu_order":0,"comment_status":"closed","ping_status":"closed","template":"elementor_header_footer","meta":{"footnotes":""},"class_list":["post-10896","page","type-page","status-publish","hentry","entry"],"yoast_head":"<!-- This site is optimized with the Yoast SEO plugin v26.8 - https:\/\/yoast.com\/product\/yoast-seo-wordpress\/ -->\n<title>Scoprite i tesori di Siena con Claudia - Casa vacanze a Siena - Villa Santa Chiara<\/title>\n<meta name=\"robots\" content=\"index, follow, max-snippet:-1, max-image-preview:large, max-video-preview:-1\" \/>\n<link rel=\"canonical\" href=\"https:\/\/villasantachiarasiena.com\/it\/scoprite-i-tesori-di-siena-con-claudia\/\" \/>\n<meta property=\"og:locale\" content=\"it_IT\" \/>\n<meta property=\"og:type\" content=\"article\" \/>\n<meta property=\"og:title\" content=\"Scoprite i tesori di Siena con Claudia - Casa vacanze a Siena - Villa Santa Chiara\" \/>\n<meta property=\"og:description\" content=\"Scoprite i tesori di Siena con Claudia Siena e le sue terre sono un vero e proprio scrigno inesauribile di immensi tesori artistici: dal Duomo, che si erge come un grande libro della millenaria cultura religiosa occidentale, alla rappresentazione della cultura politica medievale e delle sue istituzioni negli affreschi dei Lorenzetti, che abbelliscono il Palazzo [&hellip;]\" \/>\n<meta property=\"og:url\" content=\"https:\/\/villasantachiarasiena.com\/it\/scoprite-i-tesori-di-siena-con-claudia\/\" \/>\n<meta property=\"og:site_name\" content=\"Casa vacanze a Siena - Villa Santa Chiara\" \/>\n<meta property=\"article:modified_time\" content=\"2025-07-17T07:35:33+00:00\" \/>\n<meta name=\"twitter:card\" content=\"summary_large_image\" \/>\n<meta name=\"twitter:label1\" content=\"Tempo di lettura stimato\" \/>\n\t<meta name=\"twitter:data1\" content=\"2 minuti\" \/>\n<script type=\"application\/ld+json\" class=\"yoast-schema-graph\">{\"@context\":\"https:\/\/schema.org\",\"@graph\":[{\"@type\":\"WebPage\",\"@id\":\"https:\/\/villasantachiarasiena.com\/it\/scoprite-i-tesori-di-siena-con-claudia\/\",\"url\":\"https:\/\/villasantachiarasiena.com\/it\/scoprite-i-tesori-di-siena-con-claudia\/\",\"name\":\"Scoprite i tesori di Siena con Claudia - Casa vacanze a Siena - Villa Santa Chiara\",\"isPartOf\":{\"@id\":\"https:\/\/villasantachiarasiena.com\/#website\"},\"datePublished\":\"2025-07-17T07:34:25+00:00\",\"dateModified\":\"2025-07-17T07:35:33+00:00\",\"breadcrumb\":{\"@id\":\"https:\/\/villasantachiarasiena.com\/it\/scoprite-i-tesori-di-siena-con-claudia\/#breadcrumb\"},\"inLanguage\":\"it-IT\",\"potentialAction\":[{\"@type\":\"ReadAction\",\"target\":[\"https:\/\/villasantachiarasiena.com\/it\/scoprite-i-tesori-di-siena-con-claudia\/\"]}]},{\"@type\":\"BreadcrumbList\",\"@id\":\"https:\/\/villasantachiarasiena.com\/it\/scoprite-i-tesori-di-siena-con-claudia\/#breadcrumb\",\"itemListElement\":[{\"@type\":\"ListItem\",\"position\":1,\"name\":\"Home\",\"item\":\"https:\/\/villasantachiarasiena.com\/\"},{\"@type\":\"ListItem\",\"position\":2,\"name\":\"Scoprite i tesori di Siena con Claudia\"}]},{\"@type\":\"WebSite\",\"@id\":\"https:\/\/villasantachiarasiena.com\/#website\",\"url\":\"https:\/\/villasantachiarasiena.com\/\",\"name\":\"Casa vacanze a Siena - Villa Santa Chiara\",\"description\":\"Villa di Charme in Toscana\",\"publisher\":{\"@id\":\"https:\/\/villasantachiarasiena.com\/#organization\"},\"potentialAction\":[{\"@type\":\"SearchAction\",\"target\":{\"@type\":\"EntryPoint\",\"urlTemplate\":\"https:\/\/villasantachiarasiena.com\/?s={search_term_string}\"},\"query-input\":{\"@type\":\"PropertyValueSpecification\",\"valueRequired\":true,\"valueName\":\"search_term_string\"}}],\"inLanguage\":\"it-IT\"},{\"@type\":\"Organization\",\"@id\":\"https:\/\/villasantachiarasiena.com\/#organization\",\"name\":\"Villa Santa Chiara\",\"url\":\"https:\/\/villasantachiarasiena.com\/\",\"logo\":{\"@type\":\"ImageObject\",\"inLanguage\":\"it-IT\",\"@id\":\"https:\/\/villasantachiarasiena.com\/#\/schema\/logo\/image\/\",\"url\":\"https:\/\/villasantachiarasiena.com\/wp-content\/uploads\/2019\/02\/holiday-apartments-villa-santa-chiara-siena.png\",\"contentUrl\":\"https:\/\/villasantachiarasiena.com\/wp-content\/uploads\/2019\/02\/holiday-apartments-villa-santa-chiara-siena.png\",\"width\":323,\"height\":275,\"caption\":\"Villa Santa Chiara\"},\"image\":{\"@id\":\"https:\/\/villasantachiarasiena.com\/#\/schema\/logo\/image\/\"}}]}<\/script>\n<!-- \/ Yoast SEO plugin. -->","yoast_head_json":{"title":"Scoprite i tesori di Siena con Claudia - Casa vacanze a Siena - Villa Santa Chiara","robots":{"index":"index","follow":"follow","max-snippet":"max-snippet:-1","max-image-preview":"max-image-preview:large","max-video-preview":"max-video-preview:-1"},"canonical":"https:\/\/villasantachiarasiena.com\/it\/scoprite-i-tesori-di-siena-con-claudia\/","og_locale":"it_IT","og_type":"article","og_title":"Scoprite i tesori di Siena con Claudia - Casa vacanze a Siena - Villa Santa Chiara","og_description":"Scoprite i tesori di Siena con Claudia Siena e le sue terre sono un vero e proprio scrigno inesauribile di immensi tesori artistici: dal Duomo, che si erge come un grande libro della millenaria cultura religiosa occidentale, alla rappresentazione della cultura politica medievale e delle sue istituzioni negli affreschi dei Lorenzetti, che abbelliscono il Palazzo [&hellip;]","og_url":"https:\/\/villasantachiarasiena.com\/it\/scoprite-i-tesori-di-siena-con-claudia\/","og_site_name":"Casa vacanze a Siena - Villa Santa Chiara","article_modified_time":"2025-07-17T07:35:33+00:00","twitter_card":"summary_large_image","twitter_misc":{"Tempo di lettura stimato":"2 minuti"},"schema":{"@context":"https:\/\/schema.org","@graph":[{"@type":"WebPage","@id":"https:\/\/villasantachiarasiena.com\/it\/scoprite-i-tesori-di-siena-con-claudia\/","url":"https:\/\/villasantachiarasiena.com\/it\/scoprite-i-tesori-di-siena-con-claudia\/","name":"Scoprite i tesori di Siena con Claudia - Casa vacanze a Siena - Villa Santa Chiara","isPartOf":{"@id":"https:\/\/villasantachiarasiena.com\/#website"},"datePublished":"2025-07-17T07:34:25+00:00","dateModified":"2025-07-17T07:35:33+00:00","breadcrumb":{"@id":"https:\/\/villasantachiarasiena.com\/it\/scoprite-i-tesori-di-siena-con-claudia\/#breadcrumb"},"inLanguage":"it-IT","potentialAction":[{"@type":"ReadAction","target":["https:\/\/villasantachiarasiena.com\/it\/scoprite-i-tesori-di-siena-con-claudia\/"]}]},{"@type":"BreadcrumbList","@id":"https:\/\/villasantachiarasiena.com\/it\/scoprite-i-tesori-di-siena-con-claudia\/#breadcrumb","itemListElement":[{"@type":"ListItem","position":1,"name":"Home","item":"https:\/\/villasantachiarasiena.com\/"},{"@type":"ListItem","position":2,"name":"Scoprite i tesori di Siena con Claudia"}]},{"@type":"WebSite","@id":"https:\/\/villasantachiarasiena.com\/#website","url":"https:\/\/villasantachiarasiena.com\/","name":"Casa vacanze a Siena - Villa Santa Chiara","description":"Villa di Charme in Toscana","publisher":{"@id":"https:\/\/villasantachiarasiena.com\/#organization"},"potentialAction":[{"@type":"SearchAction","target":{"@type":"EntryPoint","urlTemplate":"https:\/\/villasantachiarasiena.com\/?s={search_term_string}"},"query-input":{"@type":"PropertyValueSpecification","valueRequired":true,"valueName":"search_term_string"}}],"inLanguage":"it-IT"},{"@type":"Organization","@id":"https:\/\/villasantachiarasiena.com\/#organization","name":"Villa Santa Chiara","url":"https:\/\/villasantachiarasiena.com\/","logo":{"@type":"ImageObject","inLanguage":"it-IT","@id":"https:\/\/villasantachiarasiena.com\/#\/schema\/logo\/image\/","url":"https:\/\/villasantachiarasiena.com\/wp-content\/uploads\/2019\/02\/holiday-apartments-villa-santa-chiara-siena.png","contentUrl":"https:\/\/villasantachiarasiena.com\/wp-content\/uploads\/2019\/02\/holiday-apartments-villa-santa-chiara-siena.png","width":323,"height":275,"caption":"Villa Santa Chiara"},"image":{"@id":"https:\/\/villasantachiarasiena.com\/#\/schema\/logo\/image\/"}}]}},"_links":{"self":[{"href":"https:\/\/villasantachiarasiena.com\/it\/wp-json\/wp\/v2\/pages\/10896","targetHints":{"allow":["GET"]}}],"collection":[{"href":"https:\/\/villasantachiarasiena.com\/it\/wp-json\/wp\/v2\/pages"}],"about":[{"href":"https:\/\/villasantachiarasiena.com\/it\/wp-json\/wp\/v2\/types\/page"}],"author":[{"embeddable":true,"href":"https:\/\/villasantachiarasiena.com\/it\/wp-json\/wp\/v2\/users\/2"}],"replies":[{"embeddable":true,"href":"https:\/\/villasantachiarasiena.com\/it\/wp-json\/wp\/v2\/comments?post=10896"}],"version-history":[{"count":4,"href":"https:\/\/villasantachiarasiena.com\/it\/wp-json\/wp\/v2\/pages\/10896\/revisions"}],"predecessor-version":[{"id":10900,"href":"https:\/\/villasantachiarasiena.com\/it\/wp-json\/wp\/v2\/pages\/10896\/revisions\/10900"}],"wp:attachment":[{"href":"https:\/\/villasantachiarasiena.com\/it\/wp-json\/wp\/v2\/media?parent=10896"}],"curies":[{"name":"wp","href":"https:\/\/api.w.org\/{rel}","templated":true}]}}