{"id":3662,"date":"2019-03-12T14:56:12","date_gmt":"2019-03-12T14:56:12","guid":{"rendered":"https:\/\/villasantachiarasiena.com\/chi-siamo\/"},"modified":"2022-02-18T10:24:21","modified_gmt":"2022-02-18T09:24:21","slug":"chi-siamo","status":"publish","type":"page","link":"https:\/\/villasantachiarasiena.com\/it\/chi-siamo\/","title":{"rendered":"Chi Siamo"},"content":{"rendered":"\t\t<div data-elementor-type=\"wp-post\" data-elementor-id=\"3662\" class=\"elementor elementor-3662 elementor-3371\" data-elementor-post-type=\"page\">\n\t\t\t\t\t\t<section class=\"elementor-section elementor-top-section elementor-element elementor-element-94e9fe3 elementor-section-full_width elementor-section-height-default elementor-section-height-default\" data-id=\"94e9fe3\" data-element_type=\"section\" data-e-type=\"section\" data-settings=\"{&quot;background_background&quot;:&quot;classic&quot;}\">\n\t\t\t\t\t\t\t<div class=\"elementor-background-overlay\"><\/div>\n\t\t\t\t\t\t\t<div class=\"elementor-container elementor-column-gap-default\">\n\t\t\t\t\t<div class=\"elementor-column elementor-col-100 elementor-top-column elementor-element elementor-element-12b0b3d\" data-id=\"12b0b3d\" data-element_type=\"column\" data-e-type=\"column\">\n\t\t\t<div class=\"elementor-widget-wrap elementor-element-populated\">\n\t\t\t\t\t\t<div class=\"elementor-element elementor-element-0923351 elementor-widget elementor-widget-heading\" data-id=\"0923351\" data-element_type=\"widget\" data-e-type=\"widget\" data-widget_type=\"heading.default\">\n\t\t\t\t<div class=\"elementor-widget-container\">\n\t\t\t\t\t<span class=\"elementor-heading-title elementor-size-large\">Chi Siamo<\/span>\t\t\t\t<\/div>\n\t\t\t\t<\/div>\n\t\t\t\t\t<\/div>\n\t\t<\/div>\n\t\t\t\t\t<\/div>\n\t\t<\/section>\n\t\t\t\t<section class=\"elementor-section elementor-top-section elementor-element elementor-element-51d9930 elementor-section-boxed elementor-section-height-default elementor-section-height-default\" data-id=\"51d9930\" data-element_type=\"section\" data-e-type=\"section\">\n\t\t\t\t\t\t<div class=\"elementor-container elementor-column-gap-default\">\n\t\t\t\t\t<div class=\"elementor-column elementor-col-50 elementor-top-column elementor-element elementor-element-34216b3\" data-id=\"34216b3\" data-element_type=\"column\" data-e-type=\"column\" data-settings=\"{&quot;background_background&quot;:&quot;classic&quot;}\">\n\t\t\t<div class=\"elementor-widget-wrap elementor-element-populated\">\n\t\t\t\t\t\t<div class=\"elementor-element elementor-element-4706f04 elementor-widget elementor-widget-heading\" data-id=\"4706f04\" data-element_type=\"widget\" data-e-type=\"widget\" data-widget_type=\"heading.default\">\n\t\t\t\t<div class=\"elementor-widget-container\">\n\t\t\t\t\t<h1 class=\"elementor-heading-title elementor-size-default\">La storia della nostra casa vacanze a\nSiena<\/h1>\t\t\t\t<\/div>\n\t\t\t\t<\/div>\n\t\t\t\t<div class=\"elementor-element elementor-element-0feef6f elementor-widget-divider--view-line elementor-widget elementor-widget-divider\" data-id=\"0feef6f\" data-element_type=\"widget\" data-e-type=\"widget\" data-widget_type=\"divider.default\">\n\t\t\t\t<div class=\"elementor-widget-container\">\n\t\t\t\t\t\t\t<div class=\"elementor-divider\">\n\t\t\t<span class=\"elementor-divider-separator\">\n\t\t\t\t\t\t<\/span>\n\t\t<\/div>\n\t\t\t\t\t\t<\/div>\n\t\t\t\t<\/div>\n\t\t\t\t<div class=\"elementor-element elementor-element-7668607 elementor-widget elementor-widget-text-editor\" data-id=\"7668607\" data-element_type=\"widget\" data-e-type=\"widget\" data-widget_type=\"text-editor.default\">\n\t\t\t\t<div class=\"elementor-widget-container\">\n\t\t\t\t\t\t\t\t\t<p style=\"text-align: justify;\">Anna Bernabei Biondi Santi \u00e8 la proprietaria di Villa Santa Chiara, una casa vacanze di lusso a Siena disponibile per affitti brevi. La Villa, a disposizione dei suoi ospiti interamente o solo in parte, consente di godere dello splendido panorama delle colline senesi, un panorama che Anna conosce bene: \u201cquando guardo a me stessa e al mio modo di vedere il mondo, non posso fare a meno di pensare che le famiglie di mio padre e mia madre hanno un legame stretto con la terra\u201d. I suoi luminosi occhi azzurri sono rivolti al paesaggio che sembra estendersi all\u2019infinito a sud di Villa Santa Chiara, un complesso del XVII secolo che ha ereditato da suo padre, un noto medico e professore all\u2019Universit\u00e0 di Siena. Oggi a Santa Chiara abitano lei e la sua figlia maggiore, Claudia, guida turistica e ambientale a Siena e in Toscana. La Villa ospita turisti da tutto il mondo e, naturalmente, un gruppo di amici felini che hanno deciso di stabilire qui la loro residenza.<\/p>\t\t\t\t\t\t\t\t<\/div>\n\t\t\t\t<\/div>\n\t\t\t\t\t<\/div>\n\t\t<\/div>\n\t\t\t\t<div class=\"elementor-column elementor-col-50 elementor-top-column elementor-element elementor-element-4368e67\" data-id=\"4368e67\" data-element_type=\"column\" data-e-type=\"column\" data-settings=\"{&quot;background_background&quot;:&quot;classic&quot;}\">\n\t\t\t<div class=\"elementor-widget-wrap elementor-element-populated\">\n\t\t\t\t\t\t<div class=\"elementor-element elementor-element-5bf6e8d elementor-widget elementor-widget-image\" data-id=\"5bf6e8d\" data-element_type=\"widget\" data-e-type=\"widget\" data-widget_type=\"image.default\">\n\t\t\t\t<div class=\"elementor-widget-container\">\n\t\t\t\t\t\t\t\t\t\t\t\t\t\t\t<img decoding=\"async\" src=\"https:\/\/villasantachiarasiena.com\/wp-content\/uploads\/2021\/02\/tuscan-villa-holiday-e1618819222580.jpg\" title=\"tuscan-villa-holiday\" alt=\"tuscan-villa-holiday\" loading=\"lazy\" \/>\t\t\t\t\t\t\t\t\t\t\t\t\t\t\t<\/div>\n\t\t\t\t<\/div>\n\t\t\t\t\t<\/div>\n\t\t<\/div>\n\t\t\t\t\t<\/div>\n\t\t<\/section>\n\t\t\t\t<section class=\"elementor-section elementor-top-section elementor-element elementor-element-9dddd6f elementor-section-content-middle elementor-reverse-tablet elementor-reverse-mobile elementor-section-boxed elementor-section-height-default elementor-section-height-default\" data-id=\"9dddd6f\" data-element_type=\"section\" data-e-type=\"section\">\n\t\t\t\t\t\t<div class=\"elementor-container elementor-column-gap-default\">\n\t\t\t\t\t<div class=\"elementor-column elementor-col-50 elementor-top-column elementor-element elementor-element-61db7d0\" data-id=\"61db7d0\" data-element_type=\"column\" data-e-type=\"column\" data-settings=\"{&quot;background_background&quot;:&quot;classic&quot;}\">\n\t\t\t<div class=\"elementor-widget-wrap elementor-element-populated\">\n\t\t\t\t\t\t<div class=\"elementor-element elementor-element-b6cc689 elementor-widget elementor-widget-image\" data-id=\"b6cc689\" data-element_type=\"widget\" data-e-type=\"widget\" data-widget_type=\"image.default\">\n\t\t\t\t<div class=\"elementor-widget-container\">\n\t\t\t\t\t\t\t\t\t\t\t\t\t\t\t<img fetchpriority=\"high\" decoding=\"async\" width=\"827\" height=\"1240\" src=\"https:\/\/villasantachiarasiena.com\/wp-content\/uploads\/2021\/02\/tuscan-villa-holiday2.jpg\" class=\"attachment-full size-full wp-image-4994\" alt=\"\" srcset=\"https:\/\/villasantachiarasiena.com\/wp-content\/uploads\/2021\/02\/tuscan-villa-holiday2.jpg 827w, https:\/\/villasantachiarasiena.com\/wp-content\/uploads\/2021\/02\/tuscan-villa-holiday2-200x300.jpg 200w, https:\/\/villasantachiarasiena.com\/wp-content\/uploads\/2021\/02\/tuscan-villa-holiday2-683x1024.jpg 683w, https:\/\/villasantachiarasiena.com\/wp-content\/uploads\/2021\/02\/tuscan-villa-holiday2-768x1152.jpg 768w, https:\/\/villasantachiarasiena.com\/wp-content\/uploads\/2021\/02\/tuscan-villa-holiday2-350x525.jpg 350w\" sizes=\"(max-width: 827px) 100vw, 827px\" \/>\t\t\t\t\t\t\t\t\t\t\t\t\t\t\t<\/div>\n\t\t\t\t<\/div>\n\t\t\t\t\t<\/div>\n\t\t<\/div>\n\t\t\t\t<div class=\"elementor-column elementor-col-50 elementor-top-column elementor-element elementor-element-51ba4bc\" data-id=\"51ba4bc\" data-element_type=\"column\" data-e-type=\"column\" data-settings=\"{&quot;background_background&quot;:&quot;classic&quot;}\">\n\t\t\t<div class=\"elementor-widget-wrap elementor-element-populated\">\n\t\t\t\t\t\t<div class=\"elementor-element elementor-element-b80d28a elementor-widget elementor-widget-heading\" data-id=\"b80d28a\" data-element_type=\"widget\" data-e-type=\"widget\" data-widget_type=\"heading.default\">\n\t\t\t\t<div class=\"elementor-widget-container\">\n\t\t\t\t\t<h2 class=\"elementor-heading-title elementor-size-default\">Una villa con panorama sulle valli senesi<\/h2>\t\t\t\t<\/div>\n\t\t\t\t<\/div>\n\t\t\t\t<div class=\"elementor-element elementor-element-7bb1359 elementor-widget-divider--view-line elementor-widget elementor-widget-divider\" data-id=\"7bb1359\" data-element_type=\"widget\" data-e-type=\"widget\" data-widget_type=\"divider.default\">\n\t\t\t\t<div class=\"elementor-widget-container\">\n\t\t\t\t\t\t\t<div class=\"elementor-divider\">\n\t\t\t<span class=\"elementor-divider-separator\">\n\t\t\t\t\t\t<\/span>\n\t\t<\/div>\n\t\t\t\t\t\t<\/div>\n\t\t\t\t<\/div>\n\t\t\t\t<div class=\"elementor-element elementor-element-0d13d03 elementor-widget elementor-widget-text-editor\" data-id=\"0d13d03\" data-element_type=\"widget\" data-e-type=\"widget\" data-widget_type=\"text-editor.default\">\n\t\t\t\t<div class=\"elementor-widget-container\">\n\t\t\t\t\t\t\t\t\t<p style=\"text-align: justify;\">Nel fantastico panorama a sud della villa si distinguono le valli senesi pi\u00f9 caratteristiche: la Val di Chiana e la Val d\u2019Orcia. La madre di Anna veniva da quelle parti, da Montalcino, una delle cittadine medievali che punteggiano il paesaggio toscano e lo definiscono, proprio come le colline, i cipressi, le vigne. A Montalcino i Biondi Santi, la famiglia di Anna per parte di madre, inventarono il Brunello, uno dei vanti italiani in fatto di vino. \u201cFu una disdetta,\u201d dice Anna con un mezzo sorriso, \u201cche ai miei antenati non venne in mente di brevettarlo!\u201d Per decenni, il solo nome Biondi Santi signific\u00f2 Brunello. Una cugina di Anna, Simonetta, produce ancora un Brunello vincitore di premi internazionali e mette a disposizione degli ospiti di Villa Santa Chiara un\u2019imperdibile esperienza di degustazione di vini toscani. Ma non \u00e8 solo il vino a scorrere nelle vene di questa famiglia toscana. Nella sua <strong>villa poco distante dal centro di Siena<\/strong> Anna produce olio d\u2019oliva per gli amici e per gli ospiti. Grazie alla qualit\u00e0 del terreno l\u2019olio \u00e8 di altissima qualit\u00e0: lo provano il palato e gli esami di laboratorio. Gli olivi (pi\u00f9 di cinquecento) furono piantati dal padre di Anna, il cui padre aveva comprato l\u2019edificio nel 1917 (un convento, poi trasformato in fattoria) e il terreno circostante. La struttura si trova in cima a un colle proprio di fronte a Porta Romana, il varco nelle antiche mura di Siena che guarda verso Roma: i pellegrini che percorrevano la Via Francigena, contribuendo alle fortune della citt\u00e0, la traversarono a centinaia. Pare che ad Anna, una ginecologa che dedica il suo tempo libero al miglioramento della sua propriet\u00e0 e all\u2019<strong>accoglienza dei turisti a Siena<\/strong>, piaccia pensarsi come una ragazza di campagna. A dire il vero, chiunque passi un po\u2019 di tempo con lei si accorger\u00e0 che il suo aspetto e i suoi modi sono un insieme, molto sottile, di riservata eleganza e rudezza. Non per niente si diverte a raccontare agli amici di quando si \u00e8 dovuta occupare del pollaio con indosso qualche capo elegante.<\/p>\t\t\t\t\t\t\t\t<\/div>\n\t\t\t\t<\/div>\n\t\t\t\t\t<\/div>\n\t\t<\/div>\n\t\t\t\t\t<\/div>\n\t\t<\/section>\n\t\t\t\t<section class=\"elementor-section elementor-top-section elementor-element elementor-element-f0312e1 elementor-section-content-middle elementor-section-boxed elementor-section-height-default elementor-section-height-default\" data-id=\"f0312e1\" data-element_type=\"section\" data-e-type=\"section\">\n\t\t\t\t\t\t<div class=\"elementor-container elementor-column-gap-default\">\n\t\t\t\t\t<div class=\"elementor-column elementor-col-50 elementor-top-column elementor-element elementor-element-f8b995e\" data-id=\"f8b995e\" data-element_type=\"column\" data-e-type=\"column\" data-settings=\"{&quot;background_background&quot;:&quot;classic&quot;}\">\n\t\t\t<div class=\"elementor-widget-wrap elementor-element-populated\">\n\t\t\t\t\t\t<div class=\"elementor-element elementor-element-64d0a5f elementor-widget elementor-widget-heading\" data-id=\"64d0a5f\" data-element_type=\"widget\" data-e-type=\"widget\" data-widget_type=\"heading.default\">\n\t\t\t\t<div class=\"elementor-widget-container\">\n\t\t\t\t\t<h2 class=\"elementor-heading-title elementor-size-default\">Una vacanza alternativa in Toscana: una villa del 1600 a due passi dal centro<\/h2>\t\t\t\t<\/div>\n\t\t\t\t<\/div>\n\t\t\t\t<div class=\"elementor-element elementor-element-2dc6b4d elementor-widget-divider--view-line elementor-widget elementor-widget-divider\" data-id=\"2dc6b4d\" data-element_type=\"widget\" data-e-type=\"widget\" data-widget_type=\"divider.default\">\n\t\t\t\t<div class=\"elementor-widget-container\">\n\t\t\t\t\t\t\t<div class=\"elementor-divider\">\n\t\t\t<span class=\"elementor-divider-separator\">\n\t\t\t\t\t\t<\/span>\n\t\t<\/div>\n\t\t\t\t\t\t<\/div>\n\t\t\t\t<\/div>\n\t\t\t\t<div class=\"elementor-element elementor-element-6c8e06a elementor-widget elementor-widget-text-editor\" data-id=\"6c8e06a\" data-element_type=\"widget\" data-e-type=\"widget\" data-widget_type=\"text-editor.default\">\n\t\t\t\t<div class=\"elementor-widget-container\">\n\t\t\t\t\t\t\t\t\t<p style=\"text-align: justify;\">Questa piccola storia di polli e alta moda racconta, in poche parole, il tipo di <strong>vacanza alternativa in Toscana<\/strong> che ci si pu\u00f2 aspettare scegliendo Villa Santa Chiara: troverete comodit\u00e0 di ogni genere, eppure tutto intorno a voi vi ricorder\u00e0 quella terra da dove Anna dice di venire. Dal parco di Villa Santa Chiara potrete ammirare le vecchie mura di Siena, la Basilica dei Servi, Porta Romana e la punta della grandiosa Torre del Mangia, che di qui si raggiunge a piedi in un quarto d\u2019ora. Ma dalla parte opposta il vostro sguardo si perder\u00e0 in un mare di colline e piccole vallate, fino al lontano Monte Amiata. Qui si nasconde il segreto di Villa Santa Chiara e di Siena: l\u2019esperienza unica di una terra trasformata allo stesso tempo dal lavoro duro dei contadini, dall\u2019arte e dalla cultura. Anna vi dir\u00e0 che tutto questo ha a che fare con la terra, e forse ha ragione. Ma c\u2019\u00e8 molto di pi\u00f9: potrete farne l\u2019esperienza nella nostra <a class=\"waffle-rich-text-link\" href=\"https:\/\/villasantachiarasiena.com\/it\/appartamenti\/\">casa vacanze di lusso a Siena<\/a>.<\/p>\t\t\t\t\t\t\t\t<\/div>\n\t\t\t\t<\/div>\n\t\t\t\t\t<\/div>\n\t\t<\/div>\n\t\t\t\t<div class=\"elementor-column elementor-col-50 elementor-top-column elementor-element elementor-element-44c97d3\" data-id=\"44c97d3\" data-element_type=\"column\" data-e-type=\"column\" data-settings=\"{&quot;background_background&quot;:&quot;classic&quot;}\">\n\t\t\t<div class=\"elementor-widget-wrap elementor-element-populated\">\n\t\t\t\t\t\t<div class=\"elementor-element elementor-element-04f952d elementor-widget elementor-widget-image\" data-id=\"04f952d\" data-element_type=\"widget\" data-e-type=\"widget\" data-widget_type=\"image.default\">\n\t\t\t\t<div class=\"elementor-widget-container\">\n\t\t\t\t\t\t\t\t\t\t\t\t\t\t\t<img decoding=\"async\" width=\"1024\" height=\"768\" src=\"https:\/\/villasantachiarasiena.com\/wp-content\/uploads\/2021\/02\/tuscan-villa-holiday1.jpg\" class=\"attachment-full size-full wp-image-5004\" alt=\"\" srcset=\"https:\/\/villasantachiarasiena.com\/wp-content\/uploads\/2021\/02\/tuscan-villa-holiday1.jpg 1024w, https:\/\/villasantachiarasiena.com\/wp-content\/uploads\/2021\/02\/tuscan-villa-holiday1-300x225.jpg 300w, https:\/\/villasantachiarasiena.com\/wp-content\/uploads\/2021\/02\/tuscan-villa-holiday1-768x576.jpg 768w, https:\/\/villasantachiarasiena.com\/wp-content\/uploads\/2021\/02\/tuscan-villa-holiday1-350x263.jpg 350w\" sizes=\"(max-width: 1024px) 100vw, 1024px\" \/>\t\t\t\t\t\t\t\t\t\t\t\t\t\t\t<\/div>\n\t\t\t\t<\/div>\n\t\t\t\t\t<\/div>\n\t\t<\/div>\n\t\t\t\t\t<\/div>\n\t\t<\/section>\n\t\t\t\t<\/div>\n\t\t","protected":false},"excerpt":{"rendered":"<p>Chi Siamo La storia della nostra casa vacanze a Siena Anna Bernabei Biondi Santi \u00e8 la proprietaria di Villa Santa Chiara, una casa vacanze di lusso a Siena disponibile per affitti brevi. La Villa, a disposizione dei suoi ospiti interamente o solo in parte, consente di godere dello splendido panorama delle colline senesi, un panorama [&hellip;]<\/p>\n","protected":false},"author":2,"featured_media":0,"parent":0,"menu_order":0,"comment_status":"closed","ping_status":"closed","template":"elementor_header_footer","meta":{"footnotes":""},"class_list":["post-3662","page","type-page","status-publish","hentry","entry"],"yoast_head":"<!-- This site is optimized with the Yoast SEO plugin v26.8 - https:\/\/yoast.com\/product\/yoast-seo-wordpress\/ -->\n<title>La storia della casa vacanze a Siena - Villa Santa Chiara<\/title>\n<meta name=\"description\" content=\"Villa Santa Chiara \u00e8 una casa vacanze di lusso a Siena appartenente al XVII secolo.\" \/>\n<meta name=\"robots\" content=\"index, follow, max-snippet:-1, max-image-preview:large, max-video-preview:-1\" \/>\n<link rel=\"canonical\" href=\"https:\/\/villasantachiarasiena.com\/it\/chi-siamo\/\" \/>\n<meta property=\"og:locale\" content=\"it_IT\" \/>\n<meta property=\"og:type\" content=\"article\" \/>\n<meta property=\"og:title\" content=\"La storia della casa vacanze a Siena - Villa Santa Chiara\" \/>\n<meta property=\"og:description\" content=\"Villa Santa Chiara \u00e8 una casa vacanze di lusso a Siena appartenente al XVII secolo.\" \/>\n<meta property=\"og:url\" content=\"https:\/\/villasantachiarasiena.com\/it\/chi-siamo\/\" \/>\n<meta property=\"og:site_name\" content=\"Casa vacanze a Siena - Villa Santa Chiara\" \/>\n<meta property=\"article:modified_time\" content=\"2022-02-18T09:24:21+00:00\" \/>\n<meta property=\"og:image\" content=\"https:\/\/villasantachiarasiena.com\/wp-content\/uploads\/2021\/02\/tuscan-villa-holiday-e1618819222580.jpg\" \/>\n<meta name=\"twitter:card\" content=\"summary_large_image\" \/>\n<meta name=\"twitter:label1\" content=\"Tempo di lettura stimato\" \/>\n\t<meta name=\"twitter:data1\" content=\"5 minuti\" \/>\n<script type=\"application\/ld+json\" class=\"yoast-schema-graph\">{\"@context\":\"https:\/\/schema.org\",\"@graph\":[{\"@type\":\"WebPage\",\"@id\":\"https:\/\/villasantachiarasiena.com\/it\/chi-siamo\/\",\"url\":\"https:\/\/villasantachiarasiena.com\/it\/chi-siamo\/\",\"name\":\"La storia della casa vacanze a Siena - Villa Santa Chiara\",\"isPartOf\":{\"@id\":\"https:\/\/villasantachiarasiena.com\/#website\"},\"primaryImageOfPage\":{\"@id\":\"https:\/\/villasantachiarasiena.com\/it\/chi-siamo\/#primaryimage\"},\"image\":{\"@id\":\"https:\/\/villasantachiarasiena.com\/it\/chi-siamo\/#primaryimage\"},\"thumbnailUrl\":\"https:\/\/villasantachiarasiena.com\/wp-content\/uploads\/2021\/02\/tuscan-villa-holiday-e1618819222580.jpg\",\"datePublished\":\"2019-03-12T14:56:12+00:00\",\"dateModified\":\"2022-02-18T09:24:21+00:00\",\"description\":\"Villa Santa Chiara \u00e8 una casa vacanze di lusso a Siena appartenente al XVII secolo.\",\"breadcrumb\":{\"@id\":\"https:\/\/villasantachiarasiena.com\/it\/chi-siamo\/#breadcrumb\"},\"inLanguage\":\"it-IT\",\"potentialAction\":[{\"@type\":\"ReadAction\",\"target\":[\"https:\/\/villasantachiarasiena.com\/it\/chi-siamo\/\"]}]},{\"@type\":\"ImageObject\",\"inLanguage\":\"it-IT\",\"@id\":\"https:\/\/villasantachiarasiena.com\/it\/chi-siamo\/#primaryimage\",\"url\":\"https:\/\/villasantachiarasiena.com\/wp-content\/uploads\/2021\/02\/tuscan-villa-holiday-e1618819222580.jpg\",\"contentUrl\":\"https:\/\/villasantachiarasiena.com\/wp-content\/uploads\/2021\/02\/tuscan-villa-holiday-e1618819222580.jpg\"},{\"@type\":\"BreadcrumbList\",\"@id\":\"https:\/\/villasantachiarasiena.com\/it\/chi-siamo\/#breadcrumb\",\"itemListElement\":[{\"@type\":\"ListItem\",\"position\":1,\"name\":\"Home\",\"item\":\"https:\/\/villasantachiarasiena.com\/\"},{\"@type\":\"ListItem\",\"position\":2,\"name\":\"Chi Siamo\"}]},{\"@type\":\"WebSite\",\"@id\":\"https:\/\/villasantachiarasiena.com\/#website\",\"url\":\"https:\/\/villasantachiarasiena.com\/\",\"name\":\"Casa vacanze a Siena - Villa Santa Chiara\",\"description\":\"Villa di Charme in Toscana\",\"publisher\":{\"@id\":\"https:\/\/villasantachiarasiena.com\/#organization\"},\"potentialAction\":[{\"@type\":\"SearchAction\",\"target\":{\"@type\":\"EntryPoint\",\"urlTemplate\":\"https:\/\/villasantachiarasiena.com\/?s={search_term_string}\"},\"query-input\":{\"@type\":\"PropertyValueSpecification\",\"valueRequired\":true,\"valueName\":\"search_term_string\"}}],\"inLanguage\":\"it-IT\"},{\"@type\":\"Organization\",\"@id\":\"https:\/\/villasantachiarasiena.com\/#organization\",\"name\":\"Villa Santa Chiara\",\"url\":\"https:\/\/villasantachiarasiena.com\/\",\"logo\":{\"@type\":\"ImageObject\",\"inLanguage\":\"it-IT\",\"@id\":\"https:\/\/villasantachiarasiena.com\/#\/schema\/logo\/image\/\",\"url\":\"https:\/\/villasantachiarasiena.com\/wp-content\/uploads\/2019\/02\/holiday-apartments-villa-santa-chiara-siena.png\",\"contentUrl\":\"https:\/\/villasantachiarasiena.com\/wp-content\/uploads\/2019\/02\/holiday-apartments-villa-santa-chiara-siena.png\",\"width\":323,\"height\":275,\"caption\":\"Villa Santa Chiara\"},\"image\":{\"@id\":\"https:\/\/villasantachiarasiena.com\/#\/schema\/logo\/image\/\"}}]}<\/script>\n<!-- \/ Yoast SEO plugin. -->","yoast_head_json":{"title":"La storia della casa vacanze a Siena - Villa Santa Chiara","description":"Villa Santa Chiara \u00e8 una casa vacanze di lusso a Siena appartenente al XVII secolo.","robots":{"index":"index","follow":"follow","max-snippet":"max-snippet:-1","max-image-preview":"max-image-preview:large","max-video-preview":"max-video-preview:-1"},"canonical":"https:\/\/villasantachiarasiena.com\/it\/chi-siamo\/","og_locale":"it_IT","og_type":"article","og_title":"La storia della casa vacanze a Siena - Villa Santa Chiara","og_description":"Villa Santa Chiara \u00e8 una casa vacanze di lusso a Siena appartenente al XVII secolo.","og_url":"https:\/\/villasantachiarasiena.com\/it\/chi-siamo\/","og_site_name":"Casa vacanze a Siena - Villa Santa Chiara","article_modified_time":"2022-02-18T09:24:21+00:00","og_image":[{"url":"https:\/\/villasantachiarasiena.com\/wp-content\/uploads\/2021\/02\/tuscan-villa-holiday-e1618819222580.jpg","type":"","width":"","height":""}],"twitter_card":"summary_large_image","twitter_misc":{"Tempo di lettura stimato":"5 minuti"},"schema":{"@context":"https:\/\/schema.org","@graph":[{"@type":"WebPage","@id":"https:\/\/villasantachiarasiena.com\/it\/chi-siamo\/","url":"https:\/\/villasantachiarasiena.com\/it\/chi-siamo\/","name":"La storia della casa vacanze a Siena - Villa Santa Chiara","isPartOf":{"@id":"https:\/\/villasantachiarasiena.com\/#website"},"primaryImageOfPage":{"@id":"https:\/\/villasantachiarasiena.com\/it\/chi-siamo\/#primaryimage"},"image":{"@id":"https:\/\/villasantachiarasiena.com\/it\/chi-siamo\/#primaryimage"},"thumbnailUrl":"https:\/\/villasantachiarasiena.com\/wp-content\/uploads\/2021\/02\/tuscan-villa-holiday-e1618819222580.jpg","datePublished":"2019-03-12T14:56:12+00:00","dateModified":"2022-02-18T09:24:21+00:00","description":"Villa Santa Chiara \u00e8 una casa vacanze di lusso a Siena appartenente al XVII secolo.","breadcrumb":{"@id":"https:\/\/villasantachiarasiena.com\/it\/chi-siamo\/#breadcrumb"},"inLanguage":"it-IT","potentialAction":[{"@type":"ReadAction","target":["https:\/\/villasantachiarasiena.com\/it\/chi-siamo\/"]}]},{"@type":"ImageObject","inLanguage":"it-IT","@id":"https:\/\/villasantachiarasiena.com\/it\/chi-siamo\/#primaryimage","url":"https:\/\/villasantachiarasiena.com\/wp-content\/uploads\/2021\/02\/tuscan-villa-holiday-e1618819222580.jpg","contentUrl":"https:\/\/villasantachiarasiena.com\/wp-content\/uploads\/2021\/02\/tuscan-villa-holiday-e1618819222580.jpg"},{"@type":"BreadcrumbList","@id":"https:\/\/villasantachiarasiena.com\/it\/chi-siamo\/#breadcrumb","itemListElement":[{"@type":"ListItem","position":1,"name":"Home","item":"https:\/\/villasantachiarasiena.com\/"},{"@type":"ListItem","position":2,"name":"Chi Siamo"}]},{"@type":"WebSite","@id":"https:\/\/villasantachiarasiena.com\/#website","url":"https:\/\/villasantachiarasiena.com\/","name":"Casa vacanze a Siena - Villa Santa Chiara","description":"Villa di Charme in Toscana","publisher":{"@id":"https:\/\/villasantachiarasiena.com\/#organization"},"potentialAction":[{"@type":"SearchAction","target":{"@type":"EntryPoint","urlTemplate":"https:\/\/villasantachiarasiena.com\/?s={search_term_string}"},"query-input":{"@type":"PropertyValueSpecification","valueRequired":true,"valueName":"search_term_string"}}],"inLanguage":"it-IT"},{"@type":"Organization","@id":"https:\/\/villasantachiarasiena.com\/#organization","name":"Villa Santa Chiara","url":"https:\/\/villasantachiarasiena.com\/","logo":{"@type":"ImageObject","inLanguage":"it-IT","@id":"https:\/\/villasantachiarasiena.com\/#\/schema\/logo\/image\/","url":"https:\/\/villasantachiarasiena.com\/wp-content\/uploads\/2019\/02\/holiday-apartments-villa-santa-chiara-siena.png","contentUrl":"https:\/\/villasantachiarasiena.com\/wp-content\/uploads\/2019\/02\/holiday-apartments-villa-santa-chiara-siena.png","width":323,"height":275,"caption":"Villa Santa Chiara"},"image":{"@id":"https:\/\/villasantachiarasiena.com\/#\/schema\/logo\/image\/"}}]}},"_links":{"self":[{"href":"https:\/\/villasantachiarasiena.com\/it\/wp-json\/wp\/v2\/pages\/3662","targetHints":{"allow":["GET"]}}],"collection":[{"href":"https:\/\/villasantachiarasiena.com\/it\/wp-json\/wp\/v2\/pages"}],"about":[{"href":"https:\/\/villasantachiarasiena.com\/it\/wp-json\/wp\/v2\/types\/page"}],"author":[{"embeddable":true,"href":"https:\/\/villasantachiarasiena.com\/it\/wp-json\/wp\/v2\/users\/2"}],"replies":[{"embeddable":true,"href":"https:\/\/villasantachiarasiena.com\/it\/wp-json\/wp\/v2\/comments?post=3662"}],"version-history":[{"count":52,"href":"https:\/\/villasantachiarasiena.com\/it\/wp-json\/wp\/v2\/pages\/3662\/revisions"}],"predecessor-version":[{"id":7599,"href":"https:\/\/villasantachiarasiena.com\/it\/wp-json\/wp\/v2\/pages\/3662\/revisions\/7599"}],"wp:attachment":[{"href":"https:\/\/villasantachiarasiena.com\/it\/wp-json\/wp\/v2\/media?parent=3662"}],"curies":[{"name":"wp","href":"https:\/\/api.w.org\/{rel}","templated":true}]}}